{"id":44,"date":"2025-05-11T22:25:36","date_gmt":"2025-05-11T20:25:36","guid":{"rendered":"https:\/\/kbws.pro\/?page_id=44"},"modified":"2025-05-11T22:41:13","modified_gmt":"2025-05-11T20:41:13","slug":"nasze-uslugi","status":"publish","type":"page","link":"https:\/\/kbws.pro\/?page_id=44","title":{"rendered":"Nasze us\u0142ugi"},"content":{"rendered":"\n<div class=\"wp-block-group alignfull has-global-padding is-layout-constrained wp-container-core-group-is-layout-0747478d wp-block-group-is-layout-constrained\" style=\"padding-top:var(--wp--preset--spacing--50);padding-right:var(--wp--preset--spacing--50);padding-bottom:var(--wp--preset--spacing--50);padding-left:var(--wp--preset--spacing--50)\">\n<div class=\"wp-block-columns alignwide is-layout-flex wp-container-core-columns-is-layout-ff4b9c61 wp-block-columns-is-layout-flex\" style=\"margin-top:0;margin-bottom:0\">\n<div class=\"wp-block-column is-layout-flow wp-container-core-column-is-layout-8a368f38 wp-block-column-is-layout-flow\">\n<div class=\"wp-block-query is-layout-flow wp-block-query-is-layout-flow\"><ul class=\"wp-block-post-template is-layout-flow wp-container-core-post-template-is-layout-dc68bcd2 wp-block-post-template-is-layout-flow\"><li class=\"wp-block-post post-1 post type-post status-publish format-standard hentry category-bez-kategorii\">\n\n<figure class=\"wp-block-image size-large\"><img fetchpriority=\"high\" decoding=\"async\" width=\"1024\" height=\"542\" src=\"https:\/\/kbws.pro\/wp-content\/uploads\/2025\/05\/AdobeStock_170179753-1024x542.jpeg\" alt=\"\" class=\"wp-image-45\" srcset=\"https:\/\/kbws.pro\/wp-content\/uploads\/2025\/05\/AdobeStock_170179753-1024x542.jpeg 1024w, https:\/\/kbws.pro\/wp-content\/uploads\/2025\/05\/AdobeStock_170179753-300x159.jpeg 300w, https:\/\/kbws.pro\/wp-content\/uploads\/2025\/05\/AdobeStock_170179753-768x407.jpeg 768w, https:\/\/kbws.pro\/wp-content\/uploads\/2025\/05\/AdobeStock_170179753-1536x813.jpeg 1536w, https:\/\/kbws.pro\/wp-content\/uploads\/2025\/05\/AdobeStock_170179753-2048x1084.jpeg 2048w\" sizes=\"(max-width: 1024px) 100vw, 1024px\" \/><figcaption class=\"wp-element-caption\"><strong>Projektowanie i monta\u017c instalacji elektrycznych<\/strong><\/figcaption><\/figure>\n\n<\/li><\/ul><\/div>\n\n\n\n<figure class=\"wp-block-image size-large\"><img decoding=\"async\" width=\"1024\" height=\"683\" src=\"https:\/\/kbws.pro\/wp-content\/uploads\/2025\/05\/AdobeStock_223448281-1024x683.jpeg\" alt=\"\" class=\"wp-image-50\" srcset=\"https:\/\/kbws.pro\/wp-content\/uploads\/2025\/05\/AdobeStock_223448281-1024x683.jpeg 1024w, https:\/\/kbws.pro\/wp-content\/uploads\/2025\/05\/AdobeStock_223448281-300x200.jpeg 300w, https:\/\/kbws.pro\/wp-content\/uploads\/2025\/05\/AdobeStock_223448281-768x513.jpeg 768w, https:\/\/kbws.pro\/wp-content\/uploads\/2025\/05\/AdobeStock_223448281-1536x1025.jpeg 1536w, https:\/\/kbws.pro\/wp-content\/uploads\/2025\/05\/AdobeStock_223448281-2048x1367.jpeg 2048w\" sizes=\"(max-width: 1024px) 100vw, 1024px\" \/><figcaption class=\"wp-element-caption\"><strong>Usuwanie awarii elektrycznych&nbsp;<\/strong><\/figcaption><\/figure>\n<\/div>\n\n\n\n<div class=\"wp-block-column is-layout-flow wp-container-core-column-is-layout-8736a895 wp-block-column-is-layout-flow\" style=\"padding-top:0\">\n<figure class=\"wp-block-image size-large\"><img decoding=\"async\" width=\"1024\" height=\"683\" src=\"https:\/\/kbws.pro\/wp-content\/uploads\/2025\/05\/AdobeStock_187924476-1024x683.jpeg\" alt=\"\" class=\"wp-image-46\" srcset=\"https:\/\/kbws.pro\/wp-content\/uploads\/2025\/05\/AdobeStock_187924476-1024x683.jpeg 1024w, https:\/\/kbws.pro\/wp-content\/uploads\/2025\/05\/AdobeStock_187924476-300x200.jpeg 300w, https:\/\/kbws.pro\/wp-content\/uploads\/2025\/05\/AdobeStock_187924476-768x512.jpeg 768w, https:\/\/kbws.pro\/wp-content\/uploads\/2025\/05\/AdobeStock_187924476-1536x1024.jpeg 1536w, https:\/\/kbws.pro\/wp-content\/uploads\/2025\/05\/AdobeStock_187924476-2048x1365.jpeg 2048w\" sizes=\"(max-width: 1024px) 100vw, 1024px\" \/><figcaption class=\"wp-element-caption\"><strong>Modernizacja istniej\u0105cych instalacji<\/strong><\/figcaption><\/figure>\n\n\n\n<figure class=\"wp-block-image size-large\"><img loading=\"lazy\" decoding=\"async\" width=\"1024\" height=\"683\" src=\"https:\/\/kbws.pro\/wp-content\/uploads\/2025\/05\/AdobeStock_962035266-1024x683.jpeg\" alt=\"\" class=\"wp-image-49\" srcset=\"https:\/\/kbws.pro\/wp-content\/uploads\/2025\/05\/AdobeStock_962035266-1024x683.jpeg 1024w, https:\/\/kbws.pro\/wp-content\/uploads\/2025\/05\/AdobeStock_962035266-300x200.jpeg 300w, https:\/\/kbws.pro\/wp-content\/uploads\/2025\/05\/AdobeStock_962035266-768x512.jpeg 768w, https:\/\/kbws.pro\/wp-content\/uploads\/2025\/05\/AdobeStock_962035266-1536x1024.jpeg 1536w, https:\/\/kbws.pro\/wp-content\/uploads\/2025\/05\/AdobeStock_962035266-2048x1365.jpeg 2048w\" sizes=\"(max-width: 1024px) 100vw, 1024px\" \/><figcaption class=\"wp-element-caption\"><strong>Monta\u017c rozdzielni elektrycznych<\/strong><\/figcaption><\/figure>\n\n\n\n<div style=\"height:var(--wp--preset--spacing--50)\" aria-hidden=\"true\" class=\"wp-block-spacer\"><\/div>\n<\/div>\n\n\n\n<div class=\"wp-block-column is-layout-flow wp-container-core-column-is-layout-8a368f38 wp-block-column-is-layout-flow\">\n<figure class=\"wp-block-image size-large\"><img loading=\"lazy\" decoding=\"async\" width=\"1024\" height=\"683\" src=\"https:\/\/kbws.pro\/wp-content\/uploads\/2025\/05\/AdobeStock_327681337-1024x683.jpeg\" alt=\"\" class=\"wp-image-47\" srcset=\"https:\/\/kbws.pro\/wp-content\/uploads\/2025\/05\/AdobeStock_327681337-1024x683.jpeg 1024w, https:\/\/kbws.pro\/wp-content\/uploads\/2025\/05\/AdobeStock_327681337-300x200.jpeg 300w, https:\/\/kbws.pro\/wp-content\/uploads\/2025\/05\/AdobeStock_327681337-768x512.jpeg 768w, https:\/\/kbws.pro\/wp-content\/uploads\/2025\/05\/AdobeStock_327681337-1536x1024.jpeg 1536w, https:\/\/kbws.pro\/wp-content\/uploads\/2025\/05\/AdobeStock_327681337-2048x1365.jpeg 2048w\" sizes=\"(max-width: 1024px) 100vw, 1024px\" \/><figcaption class=\"wp-element-caption\"><strong>Pomiary i diagnostyka elektryczna<\/strong><\/figcaption><\/figure>\n\n\n\n<figure class=\"wp-block-image size-large\"><img loading=\"lazy\" decoding=\"async\" width=\"1024\" height=\"683\" src=\"https:\/\/kbws.pro\/wp-content\/uploads\/2025\/05\/AdobeStock_575840573-1024x683.jpeg\" alt=\"\" class=\"wp-image-48\" srcset=\"https:\/\/kbws.pro\/wp-content\/uploads\/2025\/05\/AdobeStock_575840573-1024x683.jpeg 1024w, https:\/\/kbws.pro\/wp-content\/uploads\/2025\/05\/AdobeStock_575840573-300x200.jpeg 300w, https:\/\/kbws.pro\/wp-content\/uploads\/2025\/05\/AdobeStock_575840573-768x512.jpeg 768w, https:\/\/kbws.pro\/wp-content\/uploads\/2025\/05\/AdobeStock_575840573-1536x1024.jpeg 1536w, https:\/\/kbws.pro\/wp-content\/uploads\/2025\/05\/AdobeStock_575840573-2048x1365.jpeg 2048w\" sizes=\"(max-width: 1024px) 100vw, 1024px\" \/><figcaption class=\"wp-element-caption\"><strong>Instalacje o\u015bwietleniowe (wewn\u0119trzne i zewn\u0119trzne)<\/strong><\/figcaption><\/figure>\n<\/div>\n\n\n\n<div class=\"wp-block-column is-layout-flow wp-container-core-column-is-layout-8736a895 wp-block-column-is-layout-flow\" style=\"padding-top:0\">\n<div style=\"height:var(--wp--preset--spacing--50)\" aria-hidden=\"true\" class=\"wp-block-spacer\"><\/div>\n<\/div>\n<\/div>\n<\/div>\n","protected":false},"excerpt":{"rendered":"","protected":false},"author":1,"featured_media":0,"parent":0,"menu_order":0,"comment_status":"closed","ping_status":"closed","template":"","meta":{"footnotes":""},"class_list":["post-44","page","type-page","status-publish","hentry"],"_links":{"self":[{"href":"https:\/\/kbws.pro\/index.php?rest_route=\/wp\/v2\/pages\/44","targetHints":{"allow":["GET"]}}],"collection":[{"href":"https:\/\/kbws.pro\/index.php?rest_route=\/wp\/v2\/pages"}],"about":[{"href":"https:\/\/kbws.pro\/index.php?rest_route=\/wp\/v2\/types\/page"}],"author":[{"embeddable":true,"href":"https:\/\/kbws.pro\/index.php?rest_route=\/wp\/v2\/users\/1"}],"replies":[{"embeddable":true,"href":"https:\/\/kbws.pro\/index.php?rest_route=%2Fwp%2Fv2%2Fcomments&post=44"}],"version-history":[{"count":2,"href":"https:\/\/kbws.pro\/index.php?rest_route=\/wp\/v2\/pages\/44\/revisions"}],"predecessor-version":[{"id":55,"href":"https:\/\/kbws.pro\/index.php?rest_route=\/wp\/v2\/pages\/44\/revisions\/55"}],"wp:attachment":[{"href":"https:\/\/kbws.pro\/index.php?rest_route=%2Fwp%2Fv2%2Fmedia&parent=44"}],"curies":[{"name":"wp","href":"https:\/\/api.w.org\/{rel}","templated":true}]}}