{"id":30,"date":"2025-05-11T21:34:54","date_gmt":"2025-05-11T19:34:54","guid":{"rendered":"http:\/\/kbws.pro\/?page_id=30"},"modified":"2025-05-11T22:44:37","modified_gmt":"2025-05-11T20:44:37","slug":"kim-jestesmy","status":"publish","type":"page","link":"https:\/\/kbws.pro\/?page_id=30","title":{"rendered":"Kim jeste\u015bmy?"},"content":{"rendered":"\n<div class=\"wp-block-group alignwide has-global-padding is-layout-constrained wp-block-group-is-layout-constrained\">\n<h1 class=\"wp-block-heading alignwide has-text-align-center has-large-font-size\" style=\"line-height:1.2\">Jeste\u015bmy do\u015bwiadczon\u0105 firm\u0105 specjalizuj\u0105c\u0105 si\u0119 w instalacjach elektrycznych do 1kV. Od lat dostarczamy kompleksowe rozwi\u0105zania dla dom\u00f3w, biur i przemys\u0142u. Nasz zesp\u00f3\u0142 certyfikowanych elektryk\u00f3w gwarantuje bezpiecze\u0144stwo, profesjonalizm i zgodno\u015b\u0107 z normami. Zaufaj nam \u2013 Twoja instalacja to nasza pasja!<\/h1>\n<\/div>\n\n\n\n<div class=\"wp-block-group alignfull has-global-padding is-layout-constrained wp-container-core-group-is-layout-0747478d wp-block-group-is-layout-constrained\" style=\"padding-top:var(--wp--preset--spacing--50);padding-right:var(--wp--preset--spacing--50);padding-bottom:var(--wp--preset--spacing--50);padding-left:var(--wp--preset--spacing--50)\">\n<div class=\"wp-block-columns alignwide is-layout-flex wp-container-core-columns-is-layout-ff4b9c61 wp-block-columns-is-layout-flex\" style=\"margin-top:0;margin-bottom:0\">\n<div class=\"wp-block-column is-layout-flow wp-container-core-column-is-layout-8a368f38 wp-block-column-is-layout-flow\">\n<figure class=\"wp-block-image aligncenter size-large\"><img fetchpriority=\"high\" decoding=\"async\" width=\"1024\" height=\"576\" src=\"http:\/\/kbws.pro\/wp-content\/uploads\/2025\/05\/AdobeStock_1218144964-1-1024x576.jpeg\" alt=\"\" class=\"wp-image-34\" srcset=\"https:\/\/kbws.pro\/wp-content\/uploads\/2025\/05\/AdobeStock_1218144964-1-1024x576.jpeg 1024w, https:\/\/kbws.pro\/wp-content\/uploads\/2025\/05\/AdobeStock_1218144964-1-300x169.jpeg 300w, https:\/\/kbws.pro\/wp-content\/uploads\/2025\/05\/AdobeStock_1218144964-1-768x432.jpeg 768w, https:\/\/kbws.pro\/wp-content\/uploads\/2025\/05\/AdobeStock_1218144964-1-1536x864.jpeg 1536w, https:\/\/kbws.pro\/wp-content\/uploads\/2025\/05\/AdobeStock_1218144964-1-2048x1152.jpeg 2048w\" sizes=\"(max-width: 1024px) 100vw, 1024px\" \/><figcaption class=\"wp-element-caption\"><strong>10+ lat do\u015bwiadczenia<\/strong><\/figcaption><\/figure>\n<\/div>\n\n\n\n<div class=\"wp-block-column is-layout-flow wp-container-core-column-is-layout-8736a895 wp-block-column-is-layout-flow\" style=\"padding-top:0\">\n<figure class=\"wp-block-image aligncenter size-large\"><img decoding=\"async\" width=\"1024\" height=\"683\" src=\"http:\/\/kbws.pro\/wp-content\/uploads\/2025\/05\/AdobeStock_1207381131-1024x683.jpeg\" alt=\"\" class=\"wp-image-32\" srcset=\"https:\/\/kbws.pro\/wp-content\/uploads\/2025\/05\/AdobeStock_1207381131-1024x683.jpeg 1024w, https:\/\/kbws.pro\/wp-content\/uploads\/2025\/05\/AdobeStock_1207381131-300x200.jpeg 300w, https:\/\/kbws.pro\/wp-content\/uploads\/2025\/05\/AdobeStock_1207381131-768x512.jpeg 768w, https:\/\/kbws.pro\/wp-content\/uploads\/2025\/05\/AdobeStock_1207381131-1536x1024.jpeg 1536w, https:\/\/kbws.pro\/wp-content\/uploads\/2025\/05\/AdobeStock_1207381131-2048x1365.jpeg 2048w\" sizes=\"(max-width: 1024px) 100vw, 1024px\" \/><figcaption class=\"wp-element-caption\"><strong>500+ zrealizowanych projekt\u00f3w<\/strong><\/figcaption><\/figure>\n<\/div>\n\n\n\n<div class=\"wp-block-column is-layout-flow wp-container-core-column-is-layout-8736a895 wp-block-column-is-layout-flow\" style=\"padding-top:0\">\n<div class=\"wp-block-query is-layout-flow wp-block-query-is-layout-flow\">\n<figure class=\"wp-block-image aligncenter size-large\"><img decoding=\"async\" width=\"1024\" height=\"683\" src=\"http:\/\/kbws.pro\/wp-content\/uploads\/2025\/05\/AdobeStock_1282576130-1024x683.jpeg\" alt=\"\" class=\"wp-image-33\" srcset=\"https:\/\/kbws.pro\/wp-content\/uploads\/2025\/05\/AdobeStock_1282576130-1024x683.jpeg 1024w, https:\/\/kbws.pro\/wp-content\/uploads\/2025\/05\/AdobeStock_1282576130-300x200.jpeg 300w, https:\/\/kbws.pro\/wp-content\/uploads\/2025\/05\/AdobeStock_1282576130-768x512.jpeg 768w, https:\/\/kbws.pro\/wp-content\/uploads\/2025\/05\/AdobeStock_1282576130-1536x1024.jpeg 1536w, https:\/\/kbws.pro\/wp-content\/uploads\/2025\/05\/AdobeStock_1282576130-2048x1365.jpeg 2048w\" sizes=\"(max-width: 1024px) 100vw, 1024px\" \/><figcaption class=\"wp-element-caption\"><strong>100% zadowolonych klient\u00f3w<\/strong><\/figcaption><\/figure>\n<\/div>\n<\/div>\n<\/div>\n<\/div>\n\n\n\n<p class=\"has-medium-font-size\"><\/p>\n\n\n\n<p><\/p>\n","protected":false},"excerpt":{"rendered":"<p>Jeste\u015bmy do\u015bwiadczon\u0105 firm\u0105 specjalizuj\u0105c\u0105 si\u0119 w instalacjach elektrycznych do 1kV. Od lat dostarczamy kompleksowe rozwi\u0105zania dla dom\u00f3w, biur i przemys\u0142u. Nasz zesp\u00f3\u0142 certyfikowanych elektryk\u00f3w gwarantuje bezpiecze\u0144stwo, profesjonalizm i zgodno\u015b\u0107 z normami. Zaufaj nam \u2013 Twoja instalacja to nasza pasja!<\/p>\n","protected":false},"author":1,"featured_media":0,"parent":0,"menu_order":0,"comment_status":"closed","ping_status":"closed","template":"","meta":{"footnotes":""},"class_list":["post-30","page","type-page","status-publish","hentry"],"_links":{"self":[{"href":"https:\/\/kbws.pro\/index.php?rest_route=\/wp\/v2\/pages\/30","targetHints":{"allow":["GET"]}}],"collection":[{"href":"https:\/\/kbws.pro\/index.php?rest_route=\/wp\/v2\/pages"}],"about":[{"href":"https:\/\/kbws.pro\/index.php?rest_route=\/wp\/v2\/types\/page"}],"author":[{"embeddable":true,"href":"https:\/\/kbws.pro\/index.php?rest_route=\/wp\/v2\/users\/1"}],"replies":[{"embeddable":true,"href":"https:\/\/kbws.pro\/index.php?rest_route=%2Fwp%2Fv2%2Fcomments&post=30"}],"version-history":[{"count":3,"href":"https:\/\/kbws.pro\/index.php?rest_route=\/wp\/v2\/pages\/30\/revisions"}],"predecessor-version":[{"id":56,"href":"https:\/\/kbws.pro\/index.php?rest_route=\/wp\/v2\/pages\/30\/revisions\/56"}],"wp:attachment":[{"href":"https:\/\/kbws.pro\/index.php?rest_route=%2Fwp%2Fv2%2Fmedia&parent=30"}],"curies":[{"name":"wp","href":"https:\/\/api.w.org\/{rel}","templated":true}]}}